{"id":4063,"date":"2018-09-19T10:41:07","date_gmt":"2018-09-19T08:41:07","guid":{"rendered":"https:\/\/justvaluation.wpengine.com\/report-damage\/"},"modified":"2024-02-29T16:28:24","modified_gmt":"2024-02-29T15:28:24","slug":"report-damage","status":"publish","type":"page","link":"https:\/\/www.white-label-insurance.com\/fr\/report-damage\/","title":{"rendered":"File claim"},"content":{"rendered":"\n<div class=\"wp-block-cover u-cover-for-top-archive\"><span aria-hidden=\"true\" class=\"wp-block-cover__background has-background-dim\"><\/span><img loading=\"lazy\" decoding=\"async\" width=\"1600\" height=\"792\" class=\"wp-block-cover__image-background wp-image-3821\" alt=\"\" src=\"https:\/\/www.white-label-insurance.com\/wp-content\/uploads\/2021\/09\/1stFold-Copy.png\" data-object-fit=\"cover\" srcset=\"https:\/\/www.white-label-insurance.com\/wp-content\/uploads\/2021\/09\/1stFold-Copy.png 1600w, https:\/\/www.white-label-insurance.com\/wp-content\/uploads\/2021\/09\/1stFold-Copy-300x149.png 300w, https:\/\/www.white-label-insurance.com\/wp-content\/uploads\/2021\/09\/1stFold-Copy-1024x507.png 1024w, https:\/\/www.white-label-insurance.com\/wp-content\/uploads\/2021\/09\/1stFold-Copy-768x380.png 768w, https:\/\/www.white-label-insurance.com\/wp-content\/uploads\/2021\/09\/1stFold-Copy-1536x760.png 1536w\" sizes=\"auto, (max-width: 1600px) 100vw, 1600px\" \/><div class=\"wp-block-cover__inner-container has-global-padding is-layout-constrained wp-block-cover-is-layout-constrained\">\n<h1 class=\"wp-block-heading has-text-align-center has-base-color has-text-color\">File Claim<\/h1>\n\n\n\n<p class=\"has-text-align-center has-base-color has-text-color\"><\/p>\n<\/div><\/div>\n\n\n\n\n<section id=\"block_0de8351c8bedcf0c8533d996b172d59e\" class=\"text-block\">\n    <div class=\"inner\">\n                            \t<script src=\"https:\/\/kit.fontawesome.com\/7f20052e06.js\" crossorigin=\"anonymous\"><\/script>\n\t<script>\n\t\tjQuery(document).on('click', '.upload-receipt', function (e) {\n\t\t\tvar $thisClaimItem = jQuery(this).closest('.js-claim-item');\n\t\t\tvar file_data = $thisClaimItem.find('.my-receipt').prop('files')[0];\n\t\t\t\n\t\t\tvar form_data = new FormData();\n\n\n\t\t\tform_data.append('file', file_data);\n\t\t\tform_data.append('action', 'md_upload_receipt');\n\t\t\t\/\/ form_data.append('supporttitle', supporttitle);\n\n\t\t\tjQuery.ajax({\n\t\t\t\t\turl: 'https:\/\/www.white-label-insurance.com\/wp-admin\/admin-ajax.php',\n\t\t\t\t\ttype: 'post',\n\t\t\t\t\tcontentType: false,\n\t\t\t\t\tprocessData: false,\n\t\t\t\t\tdata: form_data,\n\t\t\t\t\tsuccess: function (response) {\n\t\t\t\t\t\tvar response = jQuery.parseJSON(response)\n\t\t\t\t\t\t$thisClaimItem.find('.success-div').html(response.result)\n\t\t\t\t\t\t$thisClaimItem.find('.space-for-image img').data('receiptUrl', response.url)\n\t\t\t\t\t},  \n\t\t\t\t\terror: function (response) {\n\t\t\t\t\t\t$thisClaimItem.find('.success-div').html(response.result)\n\t\t\t\t\t}\n\n\t\t\t});\n\t\t});\n\n\t<\/script>\n\t<link href=\"https:\/\/cdn.jsdelivr.net\/npm\/bootstrap@5.1.3\/dist\/css\/bootstrap.min.css\" rel=\"stylesheet\" integrity=\"sha384-1BmE4kWBq78iYhFldvKuhfTAU6auU8tT94WrHftjDbrCEXSU1oBoqyl2QvZ6jIW3\" crossorigin=\"anonymous\">\n\t<style>\n\t\tp.language-name {\n\t\t\t\tall: unset;\n\t\t}\n\t\t.div-delete-link {\n\t\t\tdisplay:none;\n\t\t}\n\t\t#form_row_for_copy {\n\t\t\tdisplay: none;\n\t\t}\n\t\t.js-item-rows .js-claim-item:first-child .div-delete-link {\n\t\t\t\tdisplay: none;\n\t\t}\n\t\t.updi-hide {\n\t\t\tdisplay: none;\n\t\t}\n\t\t.updi-hidden {\n\t\t\tvisibility: hidden;\n\t\t}\n\t\t.active-category, .js-common-prd-grp:hover {\n\t\t\tcolor: #fff;\n\t\t\tbackground-color: #4F4F4F;\n\t\t\tborder-color: #4F4F4F;\n\t\t}\n\t\t.pointer {\n\t\t\tcursor: pointer;\n\t\t}\n\t\t.did-you-mean {\n\t\t\tfont-weight: normal;\n\t\t\tfont-style: italic;\n\t\t}\n\t\t.did-you-mean-label {\n\t\t\tpadding: 0 1rem 0.2rem 0;\n\t\t\tfont-style: normal;\n\t\t\tcolor: #777;\n\t\t\ttext-decoration: underline;\n\t\t}\n\t\t.did-you-mean-label:hover {\n\t\t\tcolor: #000;\n\t\t}\n\t\t.suggestions-link {\n\t\t\tfont-size: smaller;\n\t\t}\n\t\t.total-results {\n\t\t\tposition: absolute;\n\t\t\tleft: 0;\n\t\t\twidth: 100%;\n\t\t\tz-index: 2;\n\t\t\tpadding: 0.5rem 1rem;\n\t\t\tbackground-color: #EEEEEE;\n\t\t\tbox-shadow: 0px 3px 5px 0px rgba(0, 0, 0, 0.55);\n\t\t}\n\t\t.suggestions {\n\t\t\t\/* margin-top: 1rem; *\/\n\t\t\tposition: absolute;\n\t\t\tleft: 0;\n\t\t\tz-index: 101;\n\t\t\twidth: 100%;\n\t\t\tpadding: 0.5rem 0;\n\t\t\tmax-height: 40rem;\n\t\t\toverflow-x: hidden;\n\t\t\toverflow-y: auto;\n\t\t\tbackground-color: #fff;\n\t\t\tbox-shadow: 0px 3px 5px 0px rgba(0, 0, 0, 0.55);\n\t\t}\n\t\t.suggestion-item {\n\t\t\tpadding: 0.5rem 1rem;\n\t\t\tline-height: 1.2;\n\t\t\tmargin: 0 0.1rem;\n\t\t\tborder-bottom: 1px solid #0D0D0D;\n\t\t\ttext-align: left;\n\t\t}\n\t\t.suggestion-item:last-child {\n\t\t\tborder-bottom: 1px solid transparent;\n\t\t}\n\t\t.suggestion-item:hover {\n\t\t\tbackground-color: #EEEEEE;\n\t\t\tcolor: #0D0D0D;\n\t\t}\n\t\t.space-for-image {\n\t\t\t\/* position: absolute;\n\t\t\ttop: 0;\n\t\t\tright: 0; *\/\n\t\t\tdisplay:none;\n\t\t}\n\t\t.space-for-image img {\n\t\t\t\/* min-height: 85px;\n\t\t\tmin-width: 85px;\n\t\t\tmax-height: 85px;\n\t\t\tmax-width: 85px;\n\t\t\tmix-blend-mode: multiply; *\/\n\t\t\tdisplay:none;\n\t\t}\n\t\t.transparent {\n\t\t\tmix-blend-mode: multiply;\n\t\t\tmin-height: 50px;\n\t\t\tmin-width: 50px;\n\t\t\tmax-height: 50px;\n\t\t\tmax-width: 50px;\n\t\t}\n\t\t.item-facts {\n\t\t\tdisplay: none;\n\t\t}\n\t\t.item-facts.active {\n\t\t\tdisplay: block;\n\t\t}\n\t\t.explain {\n\t\t\tpadding: 1rem;\n\t\t\tborder: 1px solid #eee;\n\t\t\tbackground-color: #fefefe;\n\t\t\tborder-radius: 0.5rem;\n\t\t\tmargin-top: 1rem;\n\t\t}\n\t\t\n\t\t.FINISHED {\n\t\t\tcolor: #2e8a0a;\n\t\t\tfont-weight: 600;\n\t\t}\n\t\t.IN_PROGRESS {\n\t\t\tcolor: #2e8a0a;\n\t\t\tfont-weight: 600;\n\t\t\tcolor: #fd8b12;\n\t\t}\n\t\t.text-truncate {\n\t\t\toverflow: hidden;\n\t\t\ttext-overflow: ellipsis;\n\t\t}\n\t\t\n\t\tinput {\n\t\t\twidth: 100%;\n\t\t\tmargin: 7px 0px;\n\t\t\tdisplay: inline-block;\n\t\t\tpadding: 12px 25px;\n\t\t\tbox-sizing: border-box;\n\t\t\tborder-radius: 5px;\n\t\t\tborder: 1px solid lightgrey;\n\t\t\tfont-size: 1em;\n\t\t\tfont-family:inherit;\n\t\t\tbackground:white;\n\t\t}\n\t\t\n\t\t\/* ---- *\/\n\t\thtml {\n\t\t\theight: 100%;\n\t\t\tmin-height:800px;\n\t\t}\n\t\t#svg_form_time {\n\t\t\theight: 15px;\n\t\t\tmax-width: 80%;\n\t\t\tmargin: 40px auto 20px;\n\t\t\tdisplay: block;\n\t\t}\n\n\t\t#svg_form_time circle,\n\t\t#svg_form_time rect {\n\t\t\tfill: white;\n\t\t}\n\n\t\t.button {\n\t\t\tbackground: rgb(254, 84, 0);\n\t\t\tborder-radius: 5px;\n\t\t\tpadding: .5rem 1rem;\n\t\t\tdisplay: inline-block;\n\t\t\tmargin: 10px;\n\t\t\tfont-weight: bold;\n\t\t\tcolor: white;\n\t\t\tcursor: pointer;\n\t\t\tbox-shadow:0px 2px 5px rgb(0,0,0,0.5);\n\t\t}\n\n\t\t.disabled {\n\t\t\tdisplay:none;\n\t\t}\n\n\n\t\tsection.form {\n\t\t\tpadding: 50px ;\n\t\t\tmax-width: 800px;\n\t\t\tmargin: 30px auto;\n\t\t\tbackground:white;\n\t\t\tbackground:rgba(255,255,255,0.9);\n\t\t\tbackdrop-filter:blur(10px);\n\t\t\tbox-shadow:0px 2px 10px rgba(0,0,0,0.3);\n\t\t\tborder-radius:5px;\n\t\t\ttransition:transform 0.2s ease-in-out;\n\t\t}\n\n\t\t.multiform {\n\t\t\ttext-align: center;\n\t\t\t-webkit-touch-callout: none;\n\t\t\t-webkit-user-select: none;\n\t\t\t-khtml-user-select: none;\n\t\t\t-moz-user-select: none;\n\t\t\t-ms-user-select: none;\n\t\t\tuser-select: none;\n\t\t}\n\n\n\t<\/style>\n\t\t\t<div class=\"col-md-6 offset-md-3\">\n\t\t\t<div id=\"svg_wrap\"><\/div>\n\t\t\t<section class=\"form\">\n\t\t\t\t<h4 class=\"text-center mb-3\">Veuillez vous connecter pour envoyer votre d\u00e9claration de sinistre<\/h4>\n\t\t\t\t<!-- This form was created and powered by ProfilePress WordPress plugin - https:\/\/profilepress.com -->\r\n\r\n <style type=\"text\/css\">\r\n@import url('https:\/\/fonts.googleapis.com\/css?family=Helvetica:300,400,600,700&display=swap');#pp-login-1-wrap .profilepress-login-status {border-radius:5px;font-size:16px;line-height:1.471;padding:10px;background-color:#e74c3c;color:#ffffff;font-weight:normal;text-align:center;vertical-align:middle;margin:10px 0;-webkit-box-sizing:border-box;-moz-box-sizing:border-box;box-sizing:border-box;max-width:100%;}#pp-login-1-wrap .profilepress-login-status.success {background-color:#2ecc71;color:#ffffff;}#pp-login-1-wrap .profilepress-login-status a {color:#fff;text-decoration:underline;}#pp-login-1-wrap.pp-form-container {max-width:300px !important;width:100%;margin:0 auto;}.pp-form-container #pp-login-1.ppBuildScratch {background:#ffffff;color:#69717a;font-size:14px;}.pp-form-container #pp-login-1.ppBuildScratch .pp-form-field-wrap .pp-form-field-input-textarea-wrap {position:relative;}.pp-form-container #pp-login-1.ppBuildScratch,.pp-form-container #pp-login-1.ppBuildScratch * {font-family:'Helvetica',-apple-system,BlinkMacSystemFont,\"Segoe UI\",Roboto,Oxygen-Sans,Ubuntu,Cantarell,\"Helvetica Neue\",sans-serif;}.pp-form-container #pp-login-1.ppBuildScratch .pp-form-field-wrap input,.pp-form-container #pp-login-1.ppBuildScratch .pp-form-field-wrap select,.pp-form-container #pp-login-1.ppBuildScratch .pp-form-field-wrap textarea {font-size:14px;border-color:#dbdbdb;background:#ffffff;color :#69717a; }.pp-form-container #pp-login-1.ppBuildScratch .pp-form-field-wrap .pp-form-material-icons {color:#666666;}.pp-form-container #pp-login-1.ppBuildScratch .pp-checkbox-wrap label,.pp-form-container #pp-login-1.ppBuildScratch .pp-radio-wrap label {font-size:14px;color :#69717a;vertical-align:middle;}.pp-form-container #pp-login-1.ppBuildScratch .pp-form-field-wrap input[type=text]:focus,.pp-form-container #pp-login-1.ppBuildScratch .pp-form-field-wrap select:focus,.pp-form-container #pp-login-1.ppBuildScratch .pp-form-field-wrap textarea:focus {outline:0;background:#ffffff;border-color:#999999;box-shadow:0 0 0 1px #999999;}.pp-form-container #pp-login-1.ppBuildScratch .pp-form-field-wrap ::placeholder{color:#999999;}.pp-form-container #pp-login-1.ppBuildScratch .pp-form-field-wrap ::-webkit-input-placeholder{color:#999999;}.pp-form-container #pp-login-1.ppBuildScratch .pp-form-field-wrap ::-moz-placeholder{color:#999999;}.pp-form-container #pp-login-1.ppBuildScratch .pp-form-field-wrap :-moz-placeholder{color:#999999;}.pp-form-container #pp-login-1.ppBuildScratch .pp-form-field-wrap :-ms-input-placeholder{color:#999999;}.pp-form-container #pp-login-1.ppBuildScratch .ppbs-headline,.pp-form-container #pp-login-1.ppBuildScratch h1,.pp-form-container #pp-login-1.ppBuildScratch h2,.pp-form-container #pp-login-1.ppBuildScratch h3,.pp-form-container #pp-login-1.ppBuildScratch {color:#444444;}.pp-form-container #pp-login-1.ppBuildScratch .pp-form-field-wrap .pp-form-label-wrap .pp-form-label {color:#444444;font-size:14px;font-weight:bold;}.pp-form-container #pp-login-1.ppBuildScratch .pp-form-field-description {color:#666666;text-align:left;}.pp-form-container #pp-login-1.ppBuildScratch .pp-form-submit-button-wrap input[type=\"submit\"] {font-size:16px;font-weight:bold;background:#000000;color:#ffffff;}.pp-form-container #pp-login-1.ppBuildScratch .pp-form-submit-button-wrap input[type=\"submit\"]:hover,.pp-form-container #pp-login-1.ppBuildScratch .pp-form-submit-button-wrap input[type=\"submit\"]:focus {background:#dbdbdb;color:#000000;}.pp-form-container div#pp-login-1.ppBuildScratch a.pp-button-social-login {margin-right:6.387%;}.pp-form-container div#pp-login-1.ppBuildScratch a.pp-button-social-login {display:block;height:3em;line-height:3em;text-decoration:none;margin-bottom:10px;}.pp-form-container div#pp-login-1.ppBuildScratch a.pp-button-social-login .ppsc {width:3em;height:3em;}.pp-form-container div#pp-login-1.ppBuildScratch a.pp-button-social-login span.ppsc-text {margin-left:50px;}.pp-form-container div#pp-registration-12.ppBuildScratch a.pp-button-social-login:last-of-type {margin-bottom:20px;}.pp-form-container .ppress-form-bottom-links {padding-top:15px;padding-bottom:15px;text-align:center;}.pp-form-container .ppress-form-bottom-links a {line-height:22px;font-size:14px;color:#69717a !important;display:inline-block;text-decoration:none!important;font-weight:400;text-align:center;border-bottom:none!important;}.pp-form-container .ppress-form-bottom-links a:hover {text-decoration:underline!important;}html body .pp-form-container .pp-2fa,\n                html body .pp-form-container .pp-form-wrapper .pp-form-field-wrap.pp-2fa {\n                    display:none;\n                }\r\n<\/style>\r\n<div id=\"pp-login-1-wrap\" class=\"pp-form-container pp-login-form-wrap\"><form data-pp-form-submit=\"login\" id='pp_login_1' method=\"post\"><div id=\"pp-login-1\" class=\"pp-form-wrapper pp-login pp-login-1 ppBuildScratch ppfl-material ppsbl-pill ppsbw-wide ppf-remove-frame ppfs-large ppfia-right\">\n\n\n<div class=\"pp-form-field-wrap login-username fw-full field-has-icon fda-standard fld-above\"><div class=\"pp-form-field-input-textarea-wrap\"><input name=\"login_username\" type=\"text\" value=\"\" title=\"Username\" class=\"pp-form-field login-username\" placeholder=\"Username or Email\" id=\"1helauaoii80\"  required=\"required\"><i class=\"pp-form-material-icons\">account_circle<\/i><\/div><\/div><div class=\"pp-form-field-wrap login-password fw-full has-password-visibility-icon fda-standard fld-above\"><div class=\"pp-form-field-input-textarea-wrap\"><input name='login_password' type='password' title=\"Password\" value=\"\" class=\"pp-form-field login-password\" placeholder=\"Password\" id=\"6afbbvfn0560\"  required=\"required\"><i class=\"pp-form-material-icons\">visibility<\/i><\/div><\/div>\n<div class=\"pp-form-submit-button-wrap\">\n<input data-pp-submit-label=\"Log In\" data-pp-processing-label=\"Processing\" type=\"submit\" value=\"Log In\" name=\"login_submit\" title=\"\" class=\"pp-submit-form ppform-submit-button\" id=\"\" >\n<\/div>\n<\/div>\n<div class=\"ppress-form-bottom-links\">\n    <a href=\"https:\/\/www.white-label-insurance.com\/sign-up\/\"><\/a><a href=\"https:\/\/www.white-label-insurance.com\/reset-password\/\">Lost your password?<\/a>\n<\/div><input type='hidden' name='login_form_id' value='1'><input type=\"hidden\" name=\"pp_current_url\" value=\"https:\/\/www.white-label-insurance.com\/fr\/wp-json\/wp\/v2\/pages\/4063\"><input type=\"hidden\" name=\"login_referrer_page\" value=\"\"><\/form><\/div>\r\n<!-- \/ ProfilePress WordPress plugin. -->\r\n\t\t\t\t\n\t\t\t<\/section>\n\t\t\t<section class=\"form\"><\/section>\n\t\t<\/div>\n\t\n<div id=\"form_row_for_copy\">\n\t\t<div class=\"claim-item\">\n\t\t\t<h4>Choisir la cat\u00e9gorie<\/h4>\n\t\t\t<div class=\"js-special-buttons\"><\/div>\n\t\t\t\n\t\t\t<input class=\"js-product-group-field\" type=\"hidden\" data-product-group-id data-product-group-type>\n\n\t\t\t<div class=\"js-not-cpi updi-hide mt-3 position-relative\">\n\t\t\t\t\t\n\t\t\t\t<label>D\u00e9taillez l\u2019objet sinistre avec \u00ab\u00a0Type de mod\u00e8le\u00a0\u00bb <\/label>\n\n\t\t\t\t<input class=\"js-model-name-field form-control shadow\" type=\"text\" data-product-id=\"\" placeholder=\"Par exemple: iPhone 8 64\u00a0Go\">\n\t\t\t\t<p class=\"did-you-mean form-text js-did-you-mean updi-hide\" data-label-text=\"Voulez-vous dire: \"><\/p>\n\t\t\t\t<p class=\"form-text js-help-text\">Si vous trouvez le produit \u2013 cliquez pour le s\u00e9lectionner. Sinon, <a href=\"#\" class=\"js-show-details-fields\">cliquez ici et donnez plus de d\u00e9tails<\/a><\/p>\n\t\t\t\t\t\n\t\t\t\t<span class=\"space-for-image updi-hide\">\n\t\t\t\t<\/span>\n\n\t\t\t<\/div>\n\t\t\n\t\t\t<span class=\"js-show-suggestions-link suggestions-link js-hide-on-suggestions updi-hidden\">\n\t\t\t\t<a href=\"#0\">Afficher une nouvelle fois les suggestions<\/a>\n\t\t\t<\/span>\n\n\t\t\t<span class=\"total-results js-show-on-suggestions updi-hide\">\n\t\t\t\tNous avons trouv\u00e9\t\t\t\t<!-- Populate from API -->\n\t\t\t\t<span class=\"tot-res-numb\"><\/span>\n\t\t\t\tsuggestions pour votre article sinistr\u00e9.\t\t\t\t<span class=\"narrow-your-search d-none d-md-none\">&nbsp;Essayez d&rsquo;affiner votre recherche.<\/span>\n\t\t\t\t<span class=\"js-close-suggestions suggestions-link\"><a href=\"#0\">Les masquer<\/a><\/span>\n\t\t\t<\/span>\n\n\t\t\t<div class=\"suggestions js-show-on-suggestions updi-hide mt-5 mt-md-3\">\n\t\t\t\t<!-- Populate from API -->\n\t\t\t<\/div>\n\n\t\t\t<div class=\"updi-hide js-extra-fields js-purchase-cost\">\n\t\t\t\t<h6 class=\"updi-hide js-extra-fields text-info\">\n\t\t\t\t\tEssayez de donner autant d\u2019informations que possible \u00e0 propos de l\u2019article endommag\u00e9\t\t\t\t<\/h6>\n\n\t\t\t\t<div class=\"row\">\n\t\t\t\t\t<div class=\"col-md-6 updi-hide js-purchase-cost js-extra-fields\">\n\t\t\t\t\t\t<label>Prix d\u2019achat<\/label>\n\t\t\t\t\t\t<input class=\"js-bought-price-field form-control\" type=\"number\" min=\"1\" step=\"any\">\n\t\t\t\t\t<\/div>\n\n\t\t\t\t\t<div class=\"col-md-6 updi-hide js-extra-fields\">\n\t\t\t\t\t\t<label>Marque<\/label>\n\t\t\t\t\t\t<input class=\"js-brand-field form-control\" type=\"text\"  placeholder=\"Par exemple: Apple, Samsung\">\n\t\t\t\t\t<\/div>\n\t\t\t\t\t<div class=\"col-md-6 updi-hide js-extra-fields\">\n\t\t\t\t\t\t<label>Mod\u00e8le<\/label>\n\t\t\t\t\t\t<input class=\"js-model-from-user form-control\" type=\"text\">\n\t\t\t\t\t<\/div>\n\t\t\t\t\t<div class=\"col-md-6 updi-hide js-extra-fields\">\n\t\t\t\t\t\t<label>Je l\u2019ai achet\u00e9 dans le magasin appel\u00e9\u00a0:<\/label>\n\t\t\t\t\t\t<input class=\"js-store-name-field form-control\" type=\"text\">\n\t\t\t\t\t<\/div>\n\t\t\t\t<\/div>\n\t\t\t\t\n\n\t\t\t<\/div>\n\n\t\t\t<div class=\"row mt-2 updi-hide js-extra-fields js-date-receipt-fields\">\n\t\t\t\t<div class=\"col-md-6\">\n\t\t\t\t\t\t\n\t\t\t\t\t<label>Date d\u2019achat<\/label>\n\t\t\t\t\t<input class=\"js-bought-date-field form-control\" type=\"date\" min=\"1901-01-01\" max=\"2026-04-14\" required>\n\t\t\t\t\t\n\t\t\t\t<\/div>\n\t\t\t\t<div class=\"col-md-6\">\n\t\t\t\t\t\n\t\t\t\t\t\t<label>Avez-vous le re\u00e7u?<\/label>\n\t\t\t\t\t\t<select class=\"js-receipt-field form-control mt-2\">\n\t\t\t\t\t\t\t<option value=\"-\">&#8230;<\/option>\n\t\t\t\t\t\t\t<option value=\"Yes\">Oui<\/option>\n\t\t\t\t\t\t\t<option value=\"No\">Non<\/option>\n\t\t\t\t\t\t<\/select>\n\n\t\t\t\t\t\t<div class=\"updi-hide div-file-upload\">\n\t\t\t\t\t\t\t<form enctype=\"multipart\/form-data\">\n\t\t\t\t\t\t\t\t<input type=\"file\" class=\"my-receipt\" name=\"upload\">\n\t\t\t\t\t\t\t\t<input class=\"upload-receipt btn btn-outline-success w-75 w-75\" name=\"upload_receipt\" type=\"button\" value=\"T\u00e9l\u00e9charger le re\u00e7u\">\n\t\t\t\t\t\t\t<\/form>\n\t\t\t\t\t\t\t<div class=\"success-div\"><\/div>\n\t\t\t\t\t\t<\/div>\n\t\t\t\t\t\n\t\t\t\t<\/div>\n\t\t\t\n\t\t\t<\/div>\n\n\n\t\t\t<div class=\"div-delete-link\">\n\t\t\t\t<a href=\"#\" class=\"btn btn-xs btn-danger js-remove-item\">Retirer cet article<\/a>\n\t\t\t<\/div>\n\n\t\t<\/div>\n\t<\/div>\n<!--end copy-->\n<div>\n\n\n\n\n<!-- tabort! -->\n\t<datalist id=\"product-group-datalist\"><\/datalist>\n\n\t\n\t\n            <\/div>\n<\/section>\n\n","protected":false},"excerpt":{"rendered":"","protected":false},"author":3,"featured_media":496,"parent":0,"menu_order":0,"comment_status":"closed","ping_status":"closed","template":"","meta":{"_acf_changed":false,"footnotes":""},"class_list":["post-4063","page","type-page","status-publish","has-post-thumbnail","hentry"],"acf":[],"_links":{"self":[{"href":"https:\/\/www.white-label-insurance.com\/fr\/wp-json\/wp\/v2\/pages\/4063","targetHints":{"allow":["GET"]}}],"collection":[{"href":"https:\/\/www.white-label-insurance.com\/fr\/wp-json\/wp\/v2\/pages"}],"about":[{"href":"https:\/\/www.white-label-insurance.com\/fr\/wp-json\/wp\/v2\/types\/page"}],"author":[{"embeddable":true,"href":"https:\/\/www.white-label-insurance.com\/fr\/wp-json\/wp\/v2\/users\/3"}],"replies":[{"embeddable":true,"href":"https:\/\/www.white-label-insurance.com\/fr\/wp-json\/wp\/v2\/comments?post=4063"}],"version-history":[{"count":0,"href":"https:\/\/www.white-label-insurance.com\/fr\/wp-json\/wp\/v2\/pages\/4063\/revisions"}],"wp:featuredmedia":[{"embeddable":true,"href":"https:\/\/www.white-label-insurance.com\/fr\/wp-json\/wp\/v2\/media\/496"}],"wp:attachment":[{"href":"https:\/\/www.white-label-insurance.com\/fr\/wp-json\/wp\/v2\/media?parent=4063"}],"curies":[{"name":"wp","href":"https:\/\/api.w.org\/{rel}","templated":true}]}}